{"id":8440,"date":"2025-10-21T10:17:33","date_gmt":"2025-10-21T10:17:33","guid":{"rendered":"https:\/\/mandret-auto.com\/?page_id=8440"},"modified":"2025-11-02T12:19:01","modified_gmt":"2025-11-02T12:19:01","slug":"mention-legale","status":"publish","type":"page","link":"https:\/\/mandret-auto.com\/index.php\/mention-legale\/","title":{"rendered":"Mention l\u00e9gale"},"content":{"rendered":"\t\t<div data-elementor-type=\"wp-page\" data-elementor-id=\"8440\" class=\"elementor elementor-8440\">\n\t\t\t\t<div class=\"elementor-element elementor-element-fe71673 e-flex e-con-boxed e-con e-parent\" data-id=\"fe71673\" data-element_type=\"container\">\n\t\t\t\t\t<div class=\"e-con-inner\">\n\t\t\t\t<div class=\"elementor-element elementor-element-ab5b82c elementor-widget elementor-widget-wd_text_block\" data-id=\"ab5b82c\" data-element_type=\"widget\" data-widget_type=\"wd_text_block.default\">\n\t\t\t\t<div class=\"elementor-widget-container\">\n\t\t\t\t\t\t\t<div class=\"wd-text-block reset-last-child text-left\">\n\t\t\t\n\t\t\t<div class=\"wd-text-block reset-last-child text-left\"><p>Soci\u00e9t\u00e9 \u00e9ditrice du site: <strong>MANDRET AUTO<\/strong><\/p><p>Siren :<strong> 848564977<\/strong><br \/>Si\u00e8ge :<strong> 2 PASSAGE DES TILLEULS, 65100 LOURDES<\/strong><\/p><p>H\u00e9bergement<\/p><p>L\u2019h\u00e9bergement de ce site est assur\u00e9 par : ENOM<\/p><p>II. Pour toutes informations ou conseils, vous pouvez nous contacter:<\/p><ul><li>Sur la page Contact de notre site:<strong> mandret-auto.com<\/strong>.<\/li><\/ul><p>III. <strong>MANDRET AUTO<\/strong>\u00a0met tout en \u0153uvre pour offrir \u00e0 ses utilisateurs la meilleure exp\u00e9rience de navigation possible ainsi que des informations compl\u00e8tes et pertinentes. Dans le cas o\u00f9 vous remarqueriez un contenu inappropri\u00e9 ou illicite, nous vous invitons \u00e0 nous le signaler \u00e0 l\u2019adresse suivante :<br \/><strong>contact@mandret-auto.com<\/strong><\/p><p>IV. <strong>MANDRET AUTO<\/strong> est propri\u00e9taire et\/ou dispose des autorisations n\u00e9cessaires pour diffuser l\u2019int\u00e9gralit\u00e9 du contenu du Site ou rendu disponible \u00e0 travers le Site et notamment, les textes, dessins, graphiques, images, photos, marques et logos. Ces contenus sont prot\u00e9g\u00e9s par des droits de propri\u00e9t\u00e9 intellectuelle; il vous est par cons\u00e9quent interdit de copier, modifier, retranscrire, extraire, r\u00e9utiliser et d\u2019une mani\u00e8re g\u00e9n\u00e9rale reproduire et diffuser lesdits contenus sans l\u2019autorisation expresse de <strong>MANDRET AUTO<\/strong>.<\/p><p>Nous attirons votre attention sur le fait que la violation des droits de propri\u00e9t\u00e9 intellectuelle est constitutive du d\u00e9lit de contrefa\u00e7on, p\u00e9nalement sanctionn\u00e9.<\/p><p>V. Nous vous rappelons que nos conditions g\u00e9n\u00e9rales de vente et d\u2019abonnement sont accessibles \u00e0 tout moment pendant votre navigation au bas de chacune des pages de notre Site, en cliquant sur le lien \u00ab Conditions G\u00e9n\u00e9rales de Vente \u00bb.<\/p><p>VI. Afin d\u2019avoir plus d\u2019informations sur la protection et le traitement de vos donn\u00e9es \u00e0 caract\u00e8re personnel ainsi que sur les cookies, nous vous invitons \u00e0 consulter notre page \u00ab Protection de la vie priv\u00e9e et cookies \u00bb accessible au bas de chaque page du Site.<\/p><p><strong>Droits d\u2019auteur<\/strong><\/p><p>Toutes les informations ou documents contenus dans le Site ainsi que tous les \u00e9l\u00e9ments cr\u00e9\u00e9s pour le Site sont soit la propri\u00e9t\u00e9 de la soci\u00e9t\u00e9 \u00e9ditrice du Site, soit font l\u2019objet de droits d\u2019utilisation, de reproduction et de repr\u00e9sentation consentis au profit des ces derni\u00e8res. Ces informations, documents ou \u00e9l\u00e9ments sont soumis aux lois prot\u00e9geant le droit d\u2019auteur d\u00e8s lors qu\u2019elles sont mises \u00e0 la disposition du public sur ce Site. Les copies des documents contenus dans ce Site ne peuvent \u00eatre faites qu\u2019\u00e0 titre d\u2019information et exclusivement pour un seul usage strictement priv\u00e9. Aucune licence, ni aucun droit autre que celui de consulter le Site, n\u2019est conf\u00e9r\u00e9 \u00e0 quiconque au regard des droits de propri\u00e9t\u00e9 intellectuelle. La reproduction des documents du Site est autoris\u00e9e \u00e0 des fins exclusives d\u2019information pour un usage personnel et priv\u00e9 : toute reproduction et toute utilisation de copie r\u00e9alis\u00e9e \u00e0 d\u2019autres fins sont express\u00e9ment interdites et soumises \u00e0 l\u2019autorisation pr\u00e9alable et expresse de la soci\u00e9t\u00e9 \u00e9ditrice du Site. Dans tous les cas, la reproduction autoris\u00e9e des informations contenues dans ce Site devra indiquer la source et la mention de propri\u00e9t\u00e9 ad\u00e9quates.<\/p><\/div>\n\t\t\t\t\t<\/div>\n\t\t\t\t\t\t<\/div>\n\t\t\t\t<\/div>\n\t\t\t\t\t<\/div>\n\t\t\t\t<\/div>\n\t\t\t\t<\/div>\n\t\t","protected":false},"excerpt":{"rendered":"<p>Soci\u00e9t\u00e9 \u00e9ditrice du site: MANDRET AUTO Siren : 848564977Si\u00e8ge : 2 PASSAGE DES TILLEULS, 65100 LOURDES H\u00e9bergement L\u2019h\u00e9bergement de ce<\/p>\n","protected":false},"author":2,"featured_media":0,"parent":0,"menu_order":0,"comment_status":"closed","ping_status":"closed","template":"","meta":{"footnotes":""},"class_list":["post-8440","page","type-page","status-publish","hentry"],"_links":{"self":[{"href":"https:\/\/mandret-auto.com\/index.php\/wp-json\/wp\/v2\/pages\/8440","targetHints":{"allow":["GET"]}}],"collection":[{"href":"https:\/\/mandret-auto.com\/index.php\/wp-json\/wp\/v2\/pages"}],"about":[{"href":"https:\/\/mandret-auto.com\/index.php\/wp-json\/wp\/v2\/types\/page"}],"author":[{"embeddable":true,"href":"https:\/\/mandret-auto.com\/index.php\/wp-json\/wp\/v2\/users\/2"}],"replies":[{"embeddable":true,"href":"https:\/\/mandret-auto.com\/index.php\/wp-json\/wp\/v2\/comments?post=8440"}],"version-history":[{"count":7,"href":"https:\/\/mandret-auto.com\/index.php\/wp-json\/wp\/v2\/pages\/8440\/revisions"}],"predecessor-version":[{"id":9129,"href":"https:\/\/mandret-auto.com\/index.php\/wp-json\/wp\/v2\/pages\/8440\/revisions\/9129"}],"wp:attachment":[{"href":"https:\/\/mandret-auto.com\/index.php\/wp-json\/wp\/v2\/media?parent=8440"}],"curies":[{"name":"wp","href":"https:\/\/api.w.org\/{rel}","templated":true}]}}