{"id":8630,"date":"2025-10-21T15:56:35","date_gmt":"2025-10-21T15:56:35","guid":{"rendered":"https:\/\/mandret-auto.com\/?page_id=8630"},"modified":"2025-11-02T12:59:55","modified_gmt":"2025-11-02T12:59:55","slug":"retour-remboursement","status":"publish","type":"page","link":"https:\/\/mandret-auto.com\/index.php\/retour-remboursement\/","title":{"rendered":"Retour &#038; Remboursement"},"content":{"rendered":"\t\t<div data-elementor-type=\"wp-page\" data-elementor-id=\"8630\" class=\"elementor elementor-8630\">\n\t\t\t\t<div class=\"elementor-element elementor-element-3355d3f e-flex e-con-boxed e-con e-parent\" data-id=\"3355d3f\" data-element_type=\"container\">\n\t\t\t\t\t<div class=\"e-con-inner\">\n\t\t\t\t<div class=\"elementor-element elementor-element-5107a1d elementor-widget elementor-widget-wd_text_block\" data-id=\"5107a1d\" data-element_type=\"widget\" data-widget_type=\"wd_text_block.default\">\n\t\t\t\t<div class=\"elementor-widget-container\">\n\t\t\t\t\t\t\t<div class=\"wd-text-block reset-last-child text-left\">\n\t\t\t\n\t\t\t<div class=\"wd-text-block reset-last-child text-left\"><header><h2>Conditions de Retour<\/h2><\/header><div><p>Si un mat\u00e9riel ou article re\u00e7u ne vous donne pas enti\u00e8re satisfaction, vous pouvez bien entendu nous le retourner gratuitement.<\/p><p>Vous avez 100 jours pour nous faire un retour, \u00e0 compter de la date de r\u00e9ception de votre colis. Si vous nous retournez votre v\u00e9hicules dans les 100 jours suivant sa r\u00e9ception, vous pouvez choisir entre un \u00e9change, un avoir, ou un remboursement. Dans ce dernier cas, nous vous rembourserons sous 30 jours (\u00e0 compter de la date de r\u00e9ception de votre article \u00e0 votre lieu de livraison).<\/p><h3>Conditions d\u2019acceptation du retour<\/h3><p>De mani\u00e8re g\u00e9n\u00e9rale, les produits retourn\u00e9s doivent \u00eatre dans un parfait \u00e9tat de revente, repli\u00e9s dans leur emballage d\u2019origine avec tous les accessoires \u00e9ventuels.<\/p><p><strong>Y\u2019a-t-il des exceptions ?<\/strong><\/p><p>De mani\u00e8re g\u00e9n\u00e9rale, et conform\u00e9ment \u00e0 la loi, nous demandons \u00e0 nos clients de nous retourner leurs articles dans des conditions qui nous permettent de les remettre en vente.<\/p><article id=\"post-4947\" class=\"post-4947 page type-page status-publish hentry\"><div class=\"entry-content marketo-main-content xs-page-single\"><p><strong>MANDRET AUTO<\/strong><br \/>Si\u00e8ge : <strong>2 PASSAGE DES TILLEULS, 65100 LOURDES.<\/strong><\/p><\/div><\/article><\/div><\/div>\n\t\t\t\t\t<\/div>\n\t\t\t\t\t\t<\/div>\n\t\t\t\t<\/div>\n\t\t\t\t\t<\/div>\n\t\t\t\t<\/div>\n\t\t\t\t<\/div>\n\t\t","protected":false},"excerpt":{"rendered":"<p>Conditions de Retour Si un mat\u00e9riel ou article re\u00e7u ne vous donne pas enti\u00e8re satisfaction, vous pouvez bien entendu nous<\/p>\n","protected":false},"author":2,"featured_media":0,"parent":0,"menu_order":0,"comment_status":"closed","ping_status":"closed","template":"","meta":{"footnotes":""},"class_list":["post-8630","page","type-page","status-publish","hentry"],"_links":{"self":[{"href":"https:\/\/mandret-auto.com\/index.php\/wp-json\/wp\/v2\/pages\/8630","targetHints":{"allow":["GET"]}}],"collection":[{"href":"https:\/\/mandret-auto.com\/index.php\/wp-json\/wp\/v2\/pages"}],"about":[{"href":"https:\/\/mandret-auto.com\/index.php\/wp-json\/wp\/v2\/types\/page"}],"author":[{"embeddable":true,"href":"https:\/\/mandret-auto.com\/index.php\/wp-json\/wp\/v2\/users\/2"}],"replies":[{"embeddable":true,"href":"https:\/\/mandret-auto.com\/index.php\/wp-json\/wp\/v2\/comments?post=8630"}],"version-history":[{"count":7,"href":"https:\/\/mandret-auto.com\/index.php\/wp-json\/wp\/v2\/pages\/8630\/revisions"}],"predecessor-version":[{"id":9148,"href":"https:\/\/mandret-auto.com\/index.php\/wp-json\/wp\/v2\/pages\/8630\/revisions\/9148"}],"wp:attachment":[{"href":"https:\/\/mandret-auto.com\/index.php\/wp-json\/wp\/v2\/media?parent=8630"}],"curies":[{"name":"wp","href":"https:\/\/api.w.org\/{rel}","templated":true}]}}