{"id":9166,"date":"2025-11-08T13:12:30","date_gmt":"2025-11-08T13:12:30","guid":{"rendered":"https:\/\/mandret-auto.com\/?post_type=product&#038;p=9166"},"modified":"2025-11-20T05:18:15","modified_gmt":"2025-11-20T05:18:15","slug":"audi-a1-200ch-40-tfsi-2-0","status":"publish","type":"product","link":"https:\/\/mandret-auto.com\/index.php\/produit\/audi-a1-200ch-40-tfsi-2-0\/","title":{"rendered":"Audi A1 200ch 40 TFSI 2.0"},"content":{"rendered":"<p>Full Options<br \/>\nEntretien Audi complet<br \/>\nFacture d\u2019achat en concession Audi<br \/>\nContr\u00f4le technique Valid\u00e9<br \/>\nRien \u00e0 pr\u00e9voir<\/p>\n<p>\u00c9quipements\/ Options :<br \/>\n&#8211; Si\u00e8ges chauffants<br \/>\n&#8211; Cam\u00e9ra de recul avant arri\u00e8re<br \/>\n&#8211; Son Bang and Olufsen<br \/>\n&#8211; Palettes au volant<br \/>\n&#8211; Finition carbone<br \/>\n&#8211; Int\u00e9rieur Full LED multicolore<br \/>\n&#8211; Jantes Audi Sport 18 pouces<br \/>\n&#8211; Finition Sport<br \/>\n&#8211; Chargeur \u00e0 induction<br \/>\n&#8211; Cockpit Navigator<br \/>\n&#8211; Finition ext\u00e9rieur Sport<br \/>\n&#8211; Tableau Cockpit vue monde cartographi\u00e9<br \/>\n&#8211; Volant Sport meplat<br \/>\n&#8211; Si\u00e8ge Sport baquet Sport<br \/>\n&#8211; Phares double X\u00e9non Full LED<br \/>\n&#8211; Vitres teint\u00e9es<br \/>\n&#8211; Virtual Cockpit 4D<br \/>\n&#8211; Syst\u00e8me Audi Pre-sens<br \/>\n&#8211; Gos int\u00e9gr\u00e9<br \/>\n&#8211; \u00c9cran tactile<br \/>\n&#8211; Bluetooth<br \/>\n&#8211; Apple Car play<br \/>\n&#8211; Technologie de r\u00e9seau local sans fil<br \/>\n&#8211; D\u00e9marreur \u00e9lectrique<br \/>\n&#8211; Allumage automatique des feux et essuie glaces<br \/>\n&#8211; R\u00e9gulateur de vitesse<br \/>\n&#8211;<br \/>\n&#8211; R\u00e9gulateur de vitesse<br \/>\n&#8211; Radar d&rsquo;aide au stationnement<br \/>\n&#8211; R\u00e9troviseur d\u00e9givrant<br \/>\n&#8211; R\u00e9troviseurs rabattables<br \/>\n&#8211; R\u00e9troviseurs \u00e9lectriques<br \/>\n&#8211; Climatisation<br \/>\n&#8211; Ordinateur de bord<br \/>\n&#8211; \u00c9cran tactile<br \/>\n&#8211; Pack \u00e9lectrique<br \/>\n&#8211; Accoudoir<br \/>\n&#8211; Vitres \u00e9lectriques<br \/>\n&#8211; \u00c9cran multifonctions<br \/>\n&#8211; V\u00e9hicule non fumeur<br \/>\n&#8211; Contr\u00f4le de stabilit\u00e9 ou contr\u00f4le de trajectoires<br \/>\n&#8211; Airbag frontaux<br \/>\n&#8211; Airbags lat\u00e9raux<br \/>\n&#8211; Anti Patinage<br \/>\n&#8211; Contr\u00f4le pression des pneus<br \/>\n&#8211; Fixations ISOFIX<br \/>\n&#8211; syst\u00e8mes anti blocage de freins, \u00e9vite le blocage des roues pendant le freinage afin de garder le contr\u00f4le directionnel du v\u00e9hicule<br \/>\n&#8211; Aide au d\u00e9marrage en pente<br \/>\n&#8211; Prise audio auxiliaire USB<br \/>\n&#8211; Allumage automatique des feux<br \/>\n&#8211; Capteurs de proximit\u00e9 d&rsquo;obstacle \u00e0 l&rsquo;avant et \u00e0 l&rsquo;arri\u00e8re du v\u00e9hicule<br \/>\n&#8211; Roues motrice<\/p>\n","protected":false},"excerpt":{"rendered":"<table class=\"woocommerce-product-attributes shop_attributes\" style=\"height: 456px;\" width=\"253\">\n<tbody>\n<tr class=\"woocommerce-product-attributes-item woocommerce-product-attributes-item--attribute_mod%c3%a8le\">\n<th class=\"woocommerce-product-attributes-item__label\">Mod\u00e8le<\/th>\n<td class=\"woocommerce-product-attributes-item__value\">A1<\/td>\n<\/tr>\n<tr class=\"woocommerce-product-attributes-item woocommerce-product-attributes-item--attribute_ann%c3%a9e-mod%c3%a8le\">\n<th class=\"woocommerce-product-attributes-item__label\">Ann\u00e9e Mod\u00e8le<\/th>\n<td class=\"woocommerce-product-attributes-item__value\">2019<\/td>\n<\/tr>\n<tr class=\"woocommerce-product-attributes-item woocommerce-product-attributes-item--attribute_mise-en-circulation\">\n<th class=\"woocommerce-product-attributes-item__label\">Mise en circulation<\/th>\n<td class=\"woocommerce-product-attributes-item__value\">03\/2019<\/td>\n<\/tr>\n<tr class=\"woocommerce-product-attributes-item woocommerce-product-attributes-item--attribute_kilom%c3%a9trage\">\n<th class=\"woocommerce-product-attributes-item__label\">Kilom\u00e9trage<\/th>\n<td class=\"woocommerce-product-attributes-item__value\">96000<\/td>\n<\/tr>\n<tr class=\"woocommerce-product-attributes-item woocommerce-product-attributes-item--attribute_puissance\">\n<th class=\"woocommerce-product-attributes-item__label\">Puissance<\/th>\n<td class=\"woocommerce-product-attributes-item__value\">200 Ch<\/td>\n<\/tr>\n<tr class=\"woocommerce-product-attributes-item woocommerce-product-attributes-item--attribute_carburant\">\n<th class=\"woocommerce-product-attributes-item__label\">Carburant<\/th>\n<td class=\"woocommerce-product-attributes-item__value\">Essence<\/td>\n<\/tr>\n<tr class=\"woocommerce-product-attributes-item woocommerce-product-attributes-item--attribute_bo%c3%aete-de-vitesse\">\n<th class=\"woocommerce-product-attributes-item__label\">Bo\u00eete de vitesse<\/th>\n<td class=\"woocommerce-product-attributes-item__value\">Automatique<\/td>\n<\/tr>\n<tr class=\"woocommerce-product-attributes-item woocommerce-product-attributes-item--attribute_portes\">\n<th class=\"woocommerce-product-attributes-item__label\">Portes<\/th>\n<td class=\"woocommerce-product-attributes-item__value\">5<\/td>\n<\/tr>\n<tr class=\"woocommerce-product-attributes-item woocommerce-product-attributes-item--attribute_places\">\n<th class=\"woocommerce-product-attributes-item__label\">Places<\/th>\n<td class=\"woocommerce-product-attributes-item__value\">5<\/td>\n<\/tr>\n<tr class=\"woocommerce-product-attributes-item woocommerce-product-attributes-item--attribute_garantie\">\n<th class=\"woocommerce-product-attributes-item__label\">Garantie<\/th>\n<td class=\"woocommerce-product-attributes-item__value\">12 mois<\/td>\n<\/tr>\n<\/tbody>\n<\/table>\n","protected":false},"featured_media":9167,"template":"","meta":[],"product_brand":[],"product_cat":[97],"product_tag":[],"class_list":{"0":"post-9166","1":"product","2":"type-product","3":"status-publish","4":"has-post-thumbnail","6":"product_cat-disponible","8":"first","9":"instock","10":"shipping-taxable","11":"purchasable","12":"product-type-simple"},"_links":{"self":[{"href":"https:\/\/mandret-auto.com\/index.php\/wp-json\/wp\/v2\/product\/9166","targetHints":{"allow":["GET"]}}],"collection":[{"href":"https:\/\/mandret-auto.com\/index.php\/wp-json\/wp\/v2\/product"}],"about":[{"href":"https:\/\/mandret-auto.com\/index.php\/wp-json\/wp\/v2\/types\/product"}],"version-history":[{"count":2,"href":"https:\/\/mandret-auto.com\/index.php\/wp-json\/wp\/v2\/product\/9166\/revisions"}],"predecessor-version":[{"id":9176,"href":"https:\/\/mandret-auto.com\/index.php\/wp-json\/wp\/v2\/product\/9166\/revisions\/9176"}],"wp:featuredmedia":[{"embeddable":true,"href":"https:\/\/mandret-auto.com\/index.php\/wp-json\/wp\/v2\/media\/9167"}],"wp:attachment":[{"href":"https:\/\/mandret-auto.com\/index.php\/wp-json\/wp\/v2\/media?parent=9166"}],"wp:term":[{"taxonomy":"product_brand","embeddable":true,"href":"https:\/\/mandret-auto.com\/index.php\/wp-json\/wp\/v2\/product_brand?post=9166"},{"taxonomy":"product_cat","embeddable":true,"href":"https:\/\/mandret-auto.com\/index.php\/wp-json\/wp\/v2\/product_cat?post=9166"},{"taxonomy":"product_tag","embeddable":true,"href":"https:\/\/mandret-auto.com\/index.php\/wp-json\/wp\/v2\/product_tag?post=9166"}],"curies":[{"name":"wp","href":"https:\/\/api.w.org\/{rel}","templated":true}]}}