{"id":9177,"date":"2025-11-08T13:57:57","date_gmt":"2025-11-08T13:57:57","guid":{"rendered":"https:\/\/mandret-auto.com\/?post_type=product&#038;p=9177"},"modified":"2025-11-08T19:03:07","modified_gmt":"2025-11-08T19:03:07","slug":"bmw-serie-1-f40-116i-pack-m","status":"publish","type":"product","link":"https:\/\/mandret-auto.com\/index.php\/produit\/bmw-serie-1-f40-116i-pack-m\/","title":{"rendered":"BMW S\u00e9rie 1 F40 \u2013 116i Pack M"},"content":{"rendered":"<p>\u00c9tat du v\u00e9hicule<br \/>\nV\u00e9hicule en excellent \u00e9tat, toujours entretenu avec soin.<br \/>\nVersion Pack M avec de nombreuses options, int\u00e9rieur et ext\u00e9rieur tr\u00e8s propres.<br \/>\nEntretien des 50000km effectuer pour la vente, entretien complet BMW<br \/>\n\u2e3b<\/p>\n<p>Options et \u00e9quipements<br \/>\n* Finition Pack M (kit carrosserie sport + jantes sp\u00e9cifiques)<br \/>\n* Toit ouvrant panoramique<br \/>\n* Phares LED adaptatifs<br \/>\n* Cam\u00e9ra de recul + radars AV\/AR<br \/>\n* Sellerie sport tissu\/alcantara<br \/>\n* Volant sport multifonctions<br \/>\n* Syst\u00e8me multim\u00e9dia avec \u00e9cran tactile, Bluetooth, Apple CarPlay, USB<br \/>\n* Climatisation automatique bi-zone<br \/>\n* R\u00e9gulateur \/ limiteur de vitesse<br \/>\n* Modes de conduite (Eco \/ Comfort \/ Sport)<br \/>\n* Start &amp; Stop<br \/>\n* Vitres \u00e9lectriques et r\u00e9troviseurs rabattables \u00e9lectriques<\/p>\n<p>S\u00e9curit\u00e9<br \/>\n* ABS \/ ESP \/ DSC<br \/>\n* Airbags frontaux et lat\u00e9raux<br \/>\n* Aide au d\u00e9marrage en c\u00f4te<br \/>\n* Fermeture centralis\u00e9e<\/p>\n","protected":false},"excerpt":{"rendered":"<table class=\"woocommerce-product-attributes shop_attributes\">\n<tbody>\n<tr class=\"woocommerce-product-attributes-item woocommerce-product-attributes-item--attribute_mod%c3%a8le\">\n<th class=\"woocommerce-product-attributes-item__label\">Mod\u00e8le<\/th>\n<td class=\"woocommerce-product-attributes-item__value\">S\u00e9rie 1<\/td>\n<\/tr>\n<tr class=\"woocommerce-product-attributes-item woocommerce-product-attributes-item--attribute_ann%c3%a9e-mod%c3%a8le\">\n<th class=\"woocommerce-product-attributes-item__label\">Ann\u00e9e Mod\u00e8le<\/th>\n<td class=\"woocommerce-product-attributes-item__value\">2021<\/td>\n<\/tr>\n<tr class=\"woocommerce-product-attributes-item woocommerce-product-attributes-item--attribute_mise-en-circulation\">\n<th class=\"woocommerce-product-attributes-item__label\">Mise en circulation<\/th>\n<td class=\"woocommerce-product-attributes-item__value\">11\/2021<\/td>\n<\/tr>\n<tr class=\"woocommerce-product-attributes-item woocommerce-product-attributes-item--attribute_kilom%c3%a9trage\">\n<th class=\"woocommerce-product-attributes-item__label\">Kilom\u00e9trage<\/th>\n<td class=\"woocommerce-product-attributes-item__value\">53000<\/td>\n<\/tr>\n<tr class=\"woocommerce-product-attributes-item woocommerce-product-attributes-item--attribute_puissance\">\n<th class=\"woocommerce-product-attributes-item__label\">Puissance<\/th>\n<td class=\"woocommerce-product-attributes-item__value\">115Ch<\/td>\n<\/tr>\n<tr class=\"woocommerce-product-attributes-item woocommerce-product-attributes-item--attribute_carburant\">\n<th class=\"woocommerce-product-attributes-item__label\">Carburant<\/th>\n<td class=\"woocommerce-product-attributes-item__value\">Essence<\/td>\n<\/tr>\n<tr class=\"woocommerce-product-attributes-item woocommerce-product-attributes-item--attribute_bo%c3%aete-de-vitesse\">\n<th class=\"woocommerce-product-attributes-item__label\">Bo\u00eete de vitesse<\/th>\n<td class=\"woocommerce-product-attributes-item__value\">Automatique<\/td>\n<\/tr>\n<tr class=\"woocommerce-product-attributes-item woocommerce-product-attributes-item--attribute_portes\">\n<th class=\"woocommerce-product-attributes-item__label\">Portes<\/th>\n<td class=\"woocommerce-product-attributes-item__value\">5<\/td>\n<\/tr>\n<tr class=\"woocommerce-product-attributes-item woocommerce-product-attributes-item--attribute_places\">\n<th class=\"woocommerce-product-attributes-item__label\">Places<\/th>\n<td class=\"woocommerce-product-attributes-item__value\">5<\/td>\n<\/tr>\n<tr class=\"woocommerce-product-attributes-item woocommerce-product-attributes-item--attribute_garantie\">\n<th class=\"woocommerce-product-attributes-item__label\">Garantie<\/th>\n<td class=\"woocommerce-product-attributes-item__value\">12 mois<\/td>\n<\/tr>\n<\/tbody>\n<\/table>\n","protected":false},"featured_media":9178,"template":"","meta":[],"product_brand":[],"product_cat":[97],"product_tag":[],"class_list":{"0":"post-9177","1":"product","2":"type-product","3":"status-publish","4":"has-post-thumbnail","6":"product_cat-disponible","8":"first","9":"instock","10":"shipping-taxable","11":"purchasable","12":"product-type-simple"},"_links":{"self":[{"href":"https:\/\/mandret-auto.com\/index.php\/wp-json\/wp\/v2\/product\/9177","targetHints":{"allow":["GET"]}}],"collection":[{"href":"https:\/\/mandret-auto.com\/index.php\/wp-json\/wp\/v2\/product"}],"about":[{"href":"https:\/\/mandret-auto.com\/index.php\/wp-json\/wp\/v2\/types\/product"}],"version-history":[{"count":1,"href":"https:\/\/mandret-auto.com\/index.php\/wp-json\/wp\/v2\/product\/9177\/revisions"}],"predecessor-version":[{"id":9197,"href":"https:\/\/mandret-auto.com\/index.php\/wp-json\/wp\/v2\/product\/9177\/revisions\/9197"}],"wp:featuredmedia":[{"embeddable":true,"href":"https:\/\/mandret-auto.com\/index.php\/wp-json\/wp\/v2\/media\/9178"}],"wp:attachment":[{"href":"https:\/\/mandret-auto.com\/index.php\/wp-json\/wp\/v2\/media?parent=9177"}],"wp:term":[{"taxonomy":"product_brand","embeddable":true,"href":"https:\/\/mandret-auto.com\/index.php\/wp-json\/wp\/v2\/product_brand?post=9177"},{"taxonomy":"product_cat","embeddable":true,"href":"https:\/\/mandret-auto.com\/index.php\/wp-json\/wp\/v2\/product_cat?post=9177"},{"taxonomy":"product_tag","embeddable":true,"href":"https:\/\/mandret-auto.com\/index.php\/wp-json\/wp\/v2\/product_tag?post=9177"}],"curies":[{"name":"wp","href":"https:\/\/api.w.org\/{rel}","templated":true}]}}