{"id":9198,"date":"2025-11-08T19:13:43","date_gmt":"2025-11-08T19:13:43","guid":{"rendered":"https:\/\/mandret-auto.com\/?post_type=product&#038;p=9198"},"modified":"2025-11-08T19:13:43","modified_gmt":"2025-11-08T19:13:43","slug":"hyundai-tucson-1-7-crdi-141-intuitive-dct","status":"publish","type":"product","link":"https:\/\/mandret-auto.com\/index.php\/produit\/hyundai-tucson-1-7-crdi-141-intuitive-dct\/","title":{"rendered":"HYUNDAI TUCSON 1.7 CRDI 141 INTUITIVE DCT"},"content":{"rendered":"<p>Options int\u00e9gr\u00e9es :<br \/>\n&#8211; Climatisation<br \/>\n&#8211; Si\u00e8ges avant et arri\u00e8re chauffants<br \/>\n&#8211; Volant chauffant<br \/>\n&#8211; GPS<br \/>\n&#8211; Bluetooth<br \/>\n&#8211; Port USB et chargeur de t\u00e9l\u00e9phone sans fil<br \/>\n&#8211; Prise AUX<br \/>\n&#8211; Radars et cam\u00e9ra de recul<br \/>\n&#8211; R\u00e9gulateur et limiteur de vitesse<br \/>\n&#8211; Avertisseur d\u2019angle mort<br \/>\n&#8211; Syst\u00e8me Start &amp; Stop<br \/>\n&#8211; \u00c9clairage int\u00e9rieur \u00e0 LED<br \/>\n&#8211; Hayon mains libres intelligent<br \/>\n&#8211; Poign\u00e9es de portes ext\u00e9rieures chrom\u00e9es<br \/>\n&#8211; R\u00e9gulateur de vitesse adaptatif intelligent<br \/>\n&#8211; Sellerie cuir (dossier et assise)<br \/>\n&#8211; Si\u00e8ges avant r\u00e9glables \u00e9lectriquement<br \/>\n&#8211; Si\u00e8ges avant ventil\u00e9s<br \/>\n&#8211; Toit ouvrant panoramique avec volet occultant \u00e9lectrique<br \/>\n&#8211; Safety Pack<\/p>\n","protected":false},"excerpt":{"rendered":"<table class=\"woocommerce-product-attributes shop_attributes\">\n<tbody>\n<tr class=\"woocommerce-product-attributes-item woocommerce-product-attributes-item--attribute_mod%c3%a8le\">\n<th class=\"woocommerce-product-attributes-item__label\">Mod\u00e8le<\/th>\n<td class=\"woocommerce-product-attributes-item__value\">Tucson<\/td>\n<\/tr>\n<tr class=\"woocommerce-product-attributes-item woocommerce-product-attributes-item--attribute_ann%c3%a9e-mod%c3%a8le\">\n<th class=\"woocommerce-product-attributes-item__label\">Ann\u00e9e Mod\u00e8le<\/th>\n<td class=\"woocommerce-product-attributes-item__value\">2018<\/td>\n<\/tr>\n<tr class=\"woocommerce-product-attributes-item woocommerce-product-attributes-item--attribute_mise-en-circulation\">\n<th class=\"woocommerce-product-attributes-item__label\">Mise en circulation<\/th>\n<td class=\"woocommerce-product-attributes-item__value\">03\/2018<\/td>\n<\/tr>\n<tr class=\"woocommerce-product-attributes-item woocommerce-product-attributes-item--attribute_kilom%c3%a9trage\">\n<th class=\"woocommerce-product-attributes-item__label\">Kilom\u00e9trage<\/th>\n<td class=\"woocommerce-product-attributes-item__value\">96400<\/td>\n<\/tr>\n<tr class=\"woocommerce-product-attributes-item woocommerce-product-attributes-item--attribute_puissance\">\n<th class=\"woocommerce-product-attributes-item__label\">Puissance<\/th>\n<td class=\"woocommerce-product-attributes-item__value\">141Ch<\/td>\n<\/tr>\n<tr class=\"woocommerce-product-attributes-item woocommerce-product-attributes-item--attribute_carburant\">\n<th class=\"woocommerce-product-attributes-item__label\">Carburant<\/th>\n<td class=\"woocommerce-product-attributes-item__value\">Gazoil<\/td>\n<\/tr>\n<tr class=\"woocommerce-product-attributes-item woocommerce-product-attributes-item--attribute_bo%c3%aete-de-vitesse\">\n<th class=\"woocommerce-product-attributes-item__label\">Bo\u00eete de vitesse<\/th>\n<td class=\"woocommerce-product-attributes-item__value\">Automatique<\/td>\n<\/tr>\n<tr class=\"woocommerce-product-attributes-item woocommerce-product-attributes-item--attribute_portes\">\n<th class=\"woocommerce-product-attributes-item__label\">Portes<\/th>\n<td class=\"woocommerce-product-attributes-item__value\">5<\/td>\n<\/tr>\n<tr class=\"woocommerce-product-attributes-item woocommerce-product-attributes-item--attribute_places\">\n<th class=\"woocommerce-product-attributes-item__label\">Places<\/th>\n<td class=\"woocommerce-product-attributes-item__value\">5<\/td>\n<\/tr>\n<tr class=\"woocommerce-product-attributes-item woocommerce-product-attributes-item--attribute_garantie\">\n<th class=\"woocommerce-product-attributes-item__label\">Garantie<\/th>\n<td class=\"woocommerce-product-attributes-item__value\">12 mois<\/td>\n<\/tr>\n<\/tbody>\n<\/table>\n","protected":false},"featured_media":9205,"template":"","meta":[],"product_brand":[],"product_cat":[97],"product_tag":[],"class_list":{"0":"post-9198","1":"product","2":"type-product","3":"status-publish","4":"has-post-thumbnail","6":"product_cat-disponible","8":"first","9":"instock","10":"shipping-taxable","11":"purchasable","12":"product-type-simple"},"_links":{"self":[{"href":"https:\/\/mandret-auto.com\/index.php\/wp-json\/wp\/v2\/product\/9198","targetHints":{"allow":["GET"]}}],"collection":[{"href":"https:\/\/mandret-auto.com\/index.php\/wp-json\/wp\/v2\/product"}],"about":[{"href":"https:\/\/mandret-auto.com\/index.php\/wp-json\/wp\/v2\/types\/product"}],"version-history":[{"count":1,"href":"https:\/\/mandret-auto.com\/index.php\/wp-json\/wp\/v2\/product\/9198\/revisions"}],"predecessor-version":[{"id":9206,"href":"https:\/\/mandret-auto.com\/index.php\/wp-json\/wp\/v2\/product\/9198\/revisions\/9206"}],"wp:featuredmedia":[{"embeddable":true,"href":"https:\/\/mandret-auto.com\/index.php\/wp-json\/wp\/v2\/media\/9205"}],"wp:attachment":[{"href":"https:\/\/mandret-auto.com\/index.php\/wp-json\/wp\/v2\/media?parent=9198"}],"wp:term":[{"taxonomy":"product_brand","embeddable":true,"href":"https:\/\/mandret-auto.com\/index.php\/wp-json\/wp\/v2\/product_brand?post=9198"},{"taxonomy":"product_cat","embeddable":true,"href":"https:\/\/mandret-auto.com\/index.php\/wp-json\/wp\/v2\/product_cat?post=9198"},{"taxonomy":"product_tag","embeddable":true,"href":"https:\/\/mandret-auto.com\/index.php\/wp-json\/wp\/v2\/product_tag?post=9198"}],"curies":[{"name":"wp","href":"https:\/\/api.w.org\/{rel}","templated":true}]}}