{"id":9221,"date":"2025-11-08T19:35:15","date_gmt":"2025-11-08T19:35:15","guid":{"rendered":"https:\/\/mandret-auto.com\/?post_type=product&#038;p=9221"},"modified":"2025-11-08T19:36:57","modified_gmt":"2025-11-08T19:36:57","slug":"peugeot-e-partner-m-800-electrique-136-pack-premium-connect","status":"publish","type":"product","link":"https:\/\/mandret-auto.com\/index.php\/produit\/peugeot-e-partner-m-800-electrique-136-pack-premium-connect\/","title":{"rendered":"Peugeot e-Partner M 800 ELECTRIQUE 136 PACK PREMIUM CONNECT"},"content":{"rendered":"<p>Gagnez en confort et en efficacit\u00e9 avec ce Peugeot e-Partner 100% \u00e9lectrique, pratique et \u00e9conomique au quotidien.<\/p>\n<p>\u2705 \u00c9quipements utiles pour les pros :<br \/>\n* Cam\u00e9ra de recul &amp; aide au stationnement avant\/arri\u00e8re<br \/>\n* D\u00e9tection d\u2019angle mort pour plus de s\u00e9curit\u00e9<br \/>\n* Phares &amp; essuie-glaces automatiques<br \/>\n* Limiteur \/ r\u00e9gulateur de vitesse<br \/>\n* 3 si\u00e8ges avant avec housses de protection<br \/>\n* Plancher de coffre bois renforc\u00e9, id\u00e9al pour charger sans ab\u00eemer<br \/>\n* OFERT: Borne de rechargement<\/p>\n<p>Encore garantie constructeur jusqu&rsquo;en 2027.<\/p>\n<p>\ud83d\udd0b Z\u00e9ro \u00e9mission, autonomie adapt\u00e9e aux trajets quotidiens, et tous les avantages d\u2019un utilitaire moderne et bien \u00e9quip\u00e9.<\/p>\n","protected":false},"excerpt":{"rendered":"<table class=\"woocommerce-product-attributes shop_attributes\">\n<tbody>\n<tr class=\"woocommerce-product-attributes-item woocommerce-product-attributes-item--attribute_mod%c3%a8le\">\n<th class=\"woocommerce-product-attributes-item__label\">Mod\u00e8le<\/th>\n<td class=\"woocommerce-product-attributes-item__value\">E-PARTNER<\/td>\n<\/tr>\n<tr class=\"woocommerce-product-attributes-item woocommerce-product-attributes-item--attribute_ann%c3%a9e-mod%c3%a8le\">\n<th class=\"woocommerce-product-attributes-item__label\">Ann\u00e9e Mod\u00e8le<\/th>\n<td class=\"woocommerce-product-attributes-item__value\">2025<\/td>\n<\/tr>\n<tr class=\"woocommerce-product-attributes-item woocommerce-product-attributes-item--attribute_mise-en-circulation\">\n<th class=\"woocommerce-product-attributes-item__label\">Mise en circulation<\/th>\n<td class=\"woocommerce-product-attributes-item__value\">02\/2025<\/td>\n<\/tr>\n<tr class=\"woocommerce-product-attributes-item woocommerce-product-attributes-item--attribute_kilom%c3%a9trage\">\n<th class=\"woocommerce-product-attributes-item__label\">Kilom\u00e9trage<\/th>\n<td class=\"woocommerce-product-attributes-item__value\">17000<\/td>\n<\/tr>\n<tr class=\"woocommerce-product-attributes-item woocommerce-product-attributes-item--attribute_puissance\">\n<th class=\"woocommerce-product-attributes-item__label\">Puissance<\/th>\n<td class=\"woocommerce-product-attributes-item__value\">136Ch<\/td>\n<\/tr>\n<tr class=\"woocommerce-product-attributes-item woocommerce-product-attributes-item--attribute_carburant\">\n<th class=\"woocommerce-product-attributes-item__label\">Carburant<\/th>\n<td class=\"woocommerce-product-attributes-item__value\">Electrique<\/td>\n<\/tr>\n<tr class=\"woocommerce-product-attributes-item woocommerce-product-attributes-item--attribute_bo%c3%aete-de-vitesse\">\n<th class=\"woocommerce-product-attributes-item__label\">Bo\u00eete de vitesse<\/th>\n<td class=\"woocommerce-product-attributes-item__value\">Automatique<\/td>\n<\/tr>\n<tr class=\"woocommerce-product-attributes-item woocommerce-product-attributes-item--attribute_portes\">\n<th class=\"woocommerce-product-attributes-item__label\">Portes<\/th>\n<td class=\"woocommerce-product-attributes-item__value\">5<\/td>\n<\/tr>\n<tr class=\"woocommerce-product-attributes-item woocommerce-product-attributes-item--attribute_places\">\n<th class=\"woocommerce-product-attributes-item__label\">Places<\/th>\n<td class=\"woocommerce-product-attributes-item__value\">5<\/td>\n<\/tr>\n<tr class=\"woocommerce-product-attributes-item woocommerce-product-attributes-item--attribute_garantie\">\n<th class=\"woocommerce-product-attributes-item__label\">Garantie<\/th>\n<td class=\"woocommerce-product-attributes-item__value\">12 mois<\/td>\n<\/tr>\n<\/tbody>\n<\/table>\n","protected":false},"featured_media":9222,"template":"","meta":[],"product_brand":[125],"product_cat":[97],"product_tag":[],"class_list":{"0":"post-9221","1":"product","2":"type-product","3":"status-publish","4":"has-post-thumbnail","6":"product_brand-peugeot","7":"product_cat-disponible","9":"first","10":"instock","11":"shipping-taxable","12":"purchasable","13":"product-type-simple"},"_links":{"self":[{"href":"https:\/\/mandret-auto.com\/index.php\/wp-json\/wp\/v2\/product\/9221","targetHints":{"allow":["GET"]}}],"collection":[{"href":"https:\/\/mandret-auto.com\/index.php\/wp-json\/wp\/v2\/product"}],"about":[{"href":"https:\/\/mandret-auto.com\/index.php\/wp-json\/wp\/v2\/types\/product"}],"version-history":[{"count":2,"href":"https:\/\/mandret-auto.com\/index.php\/wp-json\/wp\/v2\/product\/9221\/revisions"}],"predecessor-version":[{"id":9285,"href":"https:\/\/mandret-auto.com\/index.php\/wp-json\/wp\/v2\/product\/9221\/revisions\/9285"}],"wp:featuredmedia":[{"embeddable":true,"href":"https:\/\/mandret-auto.com\/index.php\/wp-json\/wp\/v2\/media\/9222"}],"wp:attachment":[{"href":"https:\/\/mandret-auto.com\/index.php\/wp-json\/wp\/v2\/media?parent=9221"}],"wp:term":[{"taxonomy":"product_brand","embeddable":true,"href":"https:\/\/mandret-auto.com\/index.php\/wp-json\/wp\/v2\/product_brand?post=9221"},{"taxonomy":"product_cat","embeddable":true,"href":"https:\/\/mandret-auto.com\/index.php\/wp-json\/wp\/v2\/product_cat?post=9221"},{"taxonomy":"product_tag","embeddable":true,"href":"https:\/\/mandret-auto.com\/index.php\/wp-json\/wp\/v2\/product_tag?post=9221"}],"curies":[{"name":"wp","href":"https:\/\/api.w.org\/{rel}","templated":true}]}}