{"id":9247,"date":"2025-11-08T19:55:08","date_gmt":"2025-11-08T19:55:08","guid":{"rendered":"https:\/\/mandret-auto.com\/?post_type=product&#038;p=9247"},"modified":"2025-11-19T12:58:23","modified_gmt":"2025-11-19T12:58:23","slug":"volkswagen-t-roc-2-0-tdi-150-ch-r-line","status":"publish","type":"product","link":"https:\/\/mandret-auto.com\/index.php\/produit\/volkswagen-t-roc-2-0-tdi-150-ch-r-line\/","title":{"rendered":"Volkswagen T-Roc 2.0 TDI 150 ch R-Line"},"content":{"rendered":"<p>Volkswagen T-Roc 2.0 TDI 150 ch R-Line de 2024 phase 2.<br \/>\nLe moteur diesel consomme tr\u00e8s peu, 4L\/100 maximum.<br \/>\nGarantie constructeur jusqu&rsquo;en 2028.<br \/>\nLe v\u00e9hicule est presque full options, manque toit ouvrant.<br \/>\nId\u00e9al pour usage journalier et pour partir en vacances aussi.<\/p>\n<p>&#8211; Marque : Volkswagen<br \/>\n&#8211; Mod\u00e8le : T-Roc<br \/>\n&#8211; Ann\u00e9e : 2024<br \/>\n&#8211; Kilom\u00e9trage : 19 000 km<br \/>\n&#8211; Motorisation : 2.0 TDI 150 ch<br \/>\n&#8211; Carburant : Diesel<br \/>\n&#8211; Bo\u00eete de vitesses : Automatique<br \/>\n&#8211; Finition : R-Line<\/p>\n<p>options : conduite autonome, r\u00e9gulateur de vitesses adaptatif, assistant maintien de voie, reconnaissance panneaux, d\u00e9tection fatigue et pi\u00e9tons, car play, feux directionnel, \u00e9clairage d&rsquo;ambiance, Sportfahrwerk + s\u00e9lection de modes de conduite, volant chauffant, si\u00e8ges massant et chauffants, attelage amovible, chargeur induction, Toit ciel noir, vitres arri\u00e8re surteint\u00e9es&#8230;<\/p>\n","protected":false},"excerpt":{"rendered":"<table class=\"woocommerce-product-attributes shop_attributes\">\n<tbody>\n<tr class=\"woocommerce-product-attributes-item woocommerce-product-attributes-item--attribute_mod%c3%a8le\">\n<th class=\"woocommerce-product-attributes-item__label\">Mod\u00e8le<\/th>\n<td class=\"woocommerce-product-attributes-item__value\">T-Roc<\/td>\n<\/tr>\n<tr class=\"woocommerce-product-attributes-item woocommerce-product-attributes-item--attribute_ann%c3%a9e-mod%c3%a8le\">\n<th class=\"woocommerce-product-attributes-item__label\">Ann\u00e9e Mod\u00e8le<\/th>\n<td class=\"woocommerce-product-attributes-item__value\">2024<\/td>\n<\/tr>\n<tr class=\"woocommerce-product-attributes-item woocommerce-product-attributes-item--attribute_mise-en-circulation\">\n<th class=\"woocommerce-product-attributes-item__label\">Mise en circulation<\/th>\n<td class=\"woocommerce-product-attributes-item__value\">04\/2024<\/td>\n<\/tr>\n<tr class=\"woocommerce-product-attributes-item woocommerce-product-attributes-item--attribute_kilom%c3%a9trage\">\n<th class=\"woocommerce-product-attributes-item__label\">Kilom\u00e9trage<\/th>\n<td class=\"woocommerce-product-attributes-item__value\">19000<\/td>\n<\/tr>\n<tr class=\"woocommerce-product-attributes-item woocommerce-product-attributes-item--attribute_puissance\">\n<th class=\"woocommerce-product-attributes-item__label\">Puissance<\/th>\n<td class=\"woocommerce-product-attributes-item__value\">150Ch<\/td>\n<\/tr>\n<tr class=\"woocommerce-product-attributes-item woocommerce-product-attributes-item--attribute_carburant\">\n<th class=\"woocommerce-product-attributes-item__label\">Carburant<\/th>\n<td class=\"woocommerce-product-attributes-item__value\">Diesel<\/td>\n<\/tr>\n<tr class=\"woocommerce-product-attributes-item woocommerce-product-attributes-item--attribute_bo%c3%aete-de-vitesse\">\n<th class=\"woocommerce-product-attributes-item__label\">Bo\u00eete de vitesse<\/th>\n<td class=\"woocommerce-product-attributes-item__value\">Automatique<\/td>\n<\/tr>\n<tr class=\"woocommerce-product-attributes-item woocommerce-product-attributes-item--attribute_portes\">\n<th class=\"woocommerce-product-attributes-item__label\">Portes<\/th>\n<td class=\"woocommerce-product-attributes-item__value\">5<\/td>\n<\/tr>\n<tr class=\"woocommerce-product-attributes-item woocommerce-product-attributes-item--attribute_places\">\n<th class=\"woocommerce-product-attributes-item__label\">Places<\/th>\n<td class=\"woocommerce-product-attributes-item__value\">5<\/td>\n<\/tr>\n<tr class=\"woocommerce-product-attributes-item woocommerce-product-attributes-item--attribute_garantie\">\n<th class=\"woocommerce-product-attributes-item__label\">Garantie<\/th>\n<td class=\"woocommerce-product-attributes-item__value\">12 mois<\/td>\n<\/tr>\n<\/tbody>\n<\/table>\n","protected":false},"featured_media":9248,"template":"","meta":[],"product_brand":[127],"product_cat":[97],"product_tag":[],"class_list":{"0":"post-9247","1":"product","2":"type-product","3":"status-publish","4":"has-post-thumbnail","6":"product_brand-volkswagen","7":"product_cat-disponible","9":"first","10":"instock","11":"shipping-taxable","12":"purchasable","13":"product-type-simple"},"_links":{"self":[{"href":"https:\/\/mandret-auto.com\/index.php\/wp-json\/wp\/v2\/product\/9247","targetHints":{"allow":["GET"]}}],"collection":[{"href":"https:\/\/mandret-auto.com\/index.php\/wp-json\/wp\/v2\/product"}],"about":[{"href":"https:\/\/mandret-auto.com\/index.php\/wp-json\/wp\/v2\/types\/product"}],"version-history":[{"count":2,"href":"https:\/\/mandret-auto.com\/index.php\/wp-json\/wp\/v2\/product\/9247\/revisions"}],"predecessor-version":[{"id":9260,"href":"https:\/\/mandret-auto.com\/index.php\/wp-json\/wp\/v2\/product\/9247\/revisions\/9260"}],"wp:featuredmedia":[{"embeddable":true,"href":"https:\/\/mandret-auto.com\/index.php\/wp-json\/wp\/v2\/media\/9248"}],"wp:attachment":[{"href":"https:\/\/mandret-auto.com\/index.php\/wp-json\/wp\/v2\/media?parent=9247"}],"wp:term":[{"taxonomy":"product_brand","embeddable":true,"href":"https:\/\/mandret-auto.com\/index.php\/wp-json\/wp\/v2\/product_brand?post=9247"},{"taxonomy":"product_cat","embeddable":true,"href":"https:\/\/mandret-auto.com\/index.php\/wp-json\/wp\/v2\/product_cat?post=9247"},{"taxonomy":"product_tag","embeddable":true,"href":"https:\/\/mandret-auto.com\/index.php\/wp-json\/wp\/v2\/product_tag?post=9247"}],"curies":[{"name":"wp","href":"https:\/\/api.w.org\/{rel}","templated":true}]}}