{"id":9286,"date":"2025-11-13T12:41:51","date_gmt":"2025-11-13T12:41:51","guid":{"rendered":"https:\/\/mandret-auto.com\/?post_type=product&#038;p=9286"},"modified":"2025-11-26T09:21:13","modified_gmt":"2025-11-26T09:21:13","slug":"tesla-model-3-standard-my22-batterie-lfp","status":"publish","type":"product","link":"https:\/\/mandret-auto.com\/index.php\/produit\/tesla-model-3-standard-my22-batterie-lfp\/","title":{"rendered":"Tesla Model 3 Standard MY22 Batterie LFP"},"content":{"rendered":"<p>Version fran\u00e7aise<\/p>\n<p>&nbsp;<\/p>\n<p>V\u00e9hicule avec garantie constructeur Tesla total jusqu&rsquo;au 27 juin 2027 ou \u00e0 80.000 kms au 1er des deux termes \u00e9chus.<\/p>\n<p>V\u00e9hicule avec moteur et batterie garantie constructeur 8 ans ou 160000 kms au premier terme \u00e9chu<\/p>\n<p>Equipements:<\/p>\n<p>MY22 (avec processeur AMD Ryzen),<\/p>\n<p>Fonction Climat glacial,<\/p>\n<p>Blanc Nacr\u00e9 multicouche (PPSW),<\/p>\n<p>Autopilot,<\/p>\n<p>Camera de recul,<\/p>\n<p>GPS,<\/p>\n<p>R\u00e9gulateur de Vitesse,<\/p>\n<p>Climatisation automatique multizone,<\/p>\n<p>R\u00e9troviseurs \u00e9lectrique,<\/p>\n<p>vitre \u00e9lectrique,<\/p>\n<p>Ordinateur de bord, Airbag, etc<\/p>\n<p>volant chauffant, pompe \u00e0 chaleur, coffre \u00e9lectrique, induction, double vitrage etc&#8230;)<\/p>\n<p>&nbsp;<\/p>\n","protected":false},"excerpt":{"rendered":"<table class=\"woocommerce-product-attributes shop_attributes\">\n<tbody>\n<tr class=\"woocommerce-product-attributes-item woocommerce-product-attributes-item--attribute_mod%c3%a8le\">\n<th class=\"woocommerce-product-attributes-item__label\">Mod\u00e8le<\/th>\n<td class=\"woocommerce-product-attributes-item__value\">Model 3 Standard MY22<\/td>\n<\/tr>\n<tr class=\"woocommerce-product-attributes-item woocommerce-product-attributes-item--attribute_ann%c3%a9e-mod%c3%a8le\">\n<th class=\"woocommerce-product-attributes-item__label\">Ann\u00e9e Mod\u00e8le<\/th>\n<td class=\"woocommerce-product-attributes-item__value\">2023<\/td>\n<\/tr>\n<tr class=\"woocommerce-product-attributes-item woocommerce-product-attributes-item--attribute_mise-en-circulation\">\n<th class=\"woocommerce-product-attributes-item__label\">Mise en circulation<\/th>\n<td class=\"woocommerce-product-attributes-item__value\">06\/2023<\/td>\n<\/tr>\n<tr class=\"woocommerce-product-attributes-item woocommerce-product-attributes-item--attribute_kilom%c3%a9trage\">\n<th class=\"woocommerce-product-attributes-item__label\">Kilom\u00e9trage<\/th>\n<td class=\"woocommerce-product-attributes-item__value\">41504<\/td>\n<\/tr>\n<tr class=\"woocommerce-product-attributes-item woocommerce-product-attributes-item--attribute_puissance\">\n<th class=\"woocommerce-product-attributes-item__label\"><\/th>\n<td class=\"woocommerce-product-attributes-item__value\"><\/td>\n<\/tr>\n<tr class=\"woocommerce-product-attributes-item woocommerce-product-attributes-item--attribute_carburant\">\n<th class=\"woocommerce-product-attributes-item__label\">Carburant<\/th>\n<td class=\"woocommerce-product-attributes-item__value\">Electrique<\/td>\n<\/tr>\n<tr class=\"woocommerce-product-attributes-item woocommerce-product-attributes-item--attribute_bo%c3%aete-de-vitesse\">\n<th class=\"woocommerce-product-attributes-item__label\">Bo\u00eete de vitesse<\/th>\n<td class=\"woocommerce-product-attributes-item__value\">Automatique<\/td>\n<\/tr>\n<tr class=\"woocommerce-product-attributes-item woocommerce-product-attributes-item--attribute_portes\">\n<th class=\"woocommerce-product-attributes-item__label\">Portes<\/th>\n<td class=\"woocommerce-product-attributes-item__value\">5<\/td>\n<\/tr>\n<tr class=\"woocommerce-product-attributes-item woocommerce-product-attributes-item--attribute_places\">\n<th class=\"woocommerce-product-attributes-item__label\">Places<\/th>\n<td class=\"woocommerce-product-attributes-item__value\">5<\/td>\n<\/tr>\n<tr class=\"woocommerce-product-attributes-item woocommerce-product-attributes-item--attribute_garantie\">\n<th class=\"woocommerce-product-attributes-item__label\">Garantie<\/th>\n<td class=\"woocommerce-product-attributes-item__value\">24 mois<\/td>\n<\/tr>\n<\/tbody>\n<\/table>\n","protected":false},"featured_media":9288,"template":"","meta":[],"product_brand":[],"product_cat":[96],"product_tag":[],"class_list":{"0":"post-9286","1":"product","2":"type-product","3":"status-publish","4":"has-post-thumbnail","6":"product_cat-vendu","8":"first","9":"instock","10":"shipping-taxable","11":"purchasable","12":"product-type-simple"},"_links":{"self":[{"href":"https:\/\/mandret-auto.com\/index.php\/wp-json\/wp\/v2\/product\/9286","targetHints":{"allow":["GET"]}}],"collection":[{"href":"https:\/\/mandret-auto.com\/index.php\/wp-json\/wp\/v2\/product"}],"about":[{"href":"https:\/\/mandret-auto.com\/index.php\/wp-json\/wp\/v2\/types\/product"}],"version-history":[{"count":2,"href":"https:\/\/mandret-auto.com\/index.php\/wp-json\/wp\/v2\/product\/9286\/revisions"}],"predecessor-version":[{"id":9301,"href":"https:\/\/mandret-auto.com\/index.php\/wp-json\/wp\/v2\/product\/9286\/revisions\/9301"}],"wp:featuredmedia":[{"embeddable":true,"href":"https:\/\/mandret-auto.com\/index.php\/wp-json\/wp\/v2\/media\/9288"}],"wp:attachment":[{"href":"https:\/\/mandret-auto.com\/index.php\/wp-json\/wp\/v2\/media?parent=9286"}],"wp:term":[{"taxonomy":"product_brand","embeddable":true,"href":"https:\/\/mandret-auto.com\/index.php\/wp-json\/wp\/v2\/product_brand?post=9286"},{"taxonomy":"product_cat","embeddable":true,"href":"https:\/\/mandret-auto.com\/index.php\/wp-json\/wp\/v2\/product_cat?post=9286"},{"taxonomy":"product_tag","embeddable":true,"href":"https:\/\/mandret-auto.com\/index.php\/wp-json\/wp\/v2\/product_tag?post=9286"}],"curies":[{"name":"wp","href":"https:\/\/api.w.org\/{rel}","templated":true}]}}