{"id":9302,"date":"2025-11-13T12:53:26","date_gmt":"2025-11-13T12:53:26","guid":{"rendered":"https:\/\/mandret-auto.com\/?post_type=product&#038;p=9302"},"modified":"2025-11-13T12:53:26","modified_gmt":"2025-11-13T12:53:26","slug":"mercedes-classe-x-350d-v6","status":"publish","type":"product","link":"https:\/\/mandret-auto.com\/index.php\/produit\/mercedes-classe-x-350d-v6\/","title":{"rendered":"Mercedes classe x 350d v6"},"content":{"rendered":"<p>Toutes options, int\u00e9rieur cuir, si\u00e8ge chauffant, CarPlay, cam\u00e9ra 360, rideau de benne avec roll bar, ect<br \/>\nLe moteur a \u00e9t\u00e9 remplac\u00e9 l\u2019ann\u00e9e derni\u00e8re par Mercedes Bastia (moteur neuf sortie d\u2019usine complet injection, turbo, alternateur, d\u00e9marreur, faisceau ect) ainsi que le fap le tout totalise 25000 km peu \u00e9volutif.<\/p>\n","protected":false},"excerpt":{"rendered":"<table class=\"woocommerce-product-attributes shop_attributes\">\n<tbody>\n<tr class=\"woocommerce-product-attributes-item woocommerce-product-attributes-item--attribute_mod%c3%a8le\">\n<th class=\"woocommerce-product-attributes-item__label\">Mod\u00e8le<\/th>\n<td class=\"woocommerce-product-attributes-item__value\">classe x<\/td>\n<\/tr>\n<tr class=\"woocommerce-product-attributes-item woocommerce-product-attributes-item--attribute_ann%c3%a9e-mod%c3%a8le\">\n<th class=\"woocommerce-product-attributes-item__label\">Ann\u00e9e Mod\u00e8le<\/th>\n<td class=\"woocommerce-product-attributes-item__value\">2018<\/td>\n<\/tr>\n<tr class=\"woocommerce-product-attributes-item woocommerce-product-attributes-item--attribute_mise-en-circulation\">\n<th class=\"woocommerce-product-attributes-item__label\">Mise en circulation<\/th>\n<td class=\"woocommerce-product-attributes-item__value\">12\/2018<\/td>\n<\/tr>\n<tr class=\"woocommerce-product-attributes-item woocommerce-product-attributes-item--attribute_kilom%c3%a9trage\">\n<th class=\"woocommerce-product-attributes-item__label\">Kilom\u00e9trage<\/th>\n<td class=\"woocommerce-product-attributes-item__value\">100000<\/td>\n<\/tr>\n<tr class=\"woocommerce-product-attributes-item woocommerce-product-attributes-item--attribute_puissance\">\n<th class=\"woocommerce-product-attributes-item__label\">Puissance<\/th>\n<td class=\"woocommerce-product-attributes-item__value\">180Ch<\/td>\n<\/tr>\n<tr class=\"woocommerce-product-attributes-item woocommerce-product-attributes-item--attribute_carburant\">\n<th class=\"woocommerce-product-attributes-item__label\">Carburant<\/th>\n<td class=\"woocommerce-product-attributes-item__value\">Diesel<\/td>\n<\/tr>\n<tr class=\"woocommerce-product-attributes-item woocommerce-product-attributes-item--attribute_bo%c3%aete-de-vitesse\">\n<th class=\"woocommerce-product-attributes-item__label\">Bo\u00eete de vitesse<\/th>\n<td class=\"woocommerce-product-attributes-item__value\">Automatique<\/td>\n<\/tr>\n<tr class=\"woocommerce-product-attributes-item woocommerce-product-attributes-item--attribute_portes\">\n<th class=\"woocommerce-product-attributes-item__label\">Portes<\/th>\n<td class=\"woocommerce-product-attributes-item__value\">5<\/td>\n<\/tr>\n<tr class=\"woocommerce-product-attributes-item woocommerce-product-attributes-item--attribute_places\">\n<th class=\"woocommerce-product-attributes-item__label\">Places<\/th>\n<td class=\"woocommerce-product-attributes-item__value\">8<\/td>\n<\/tr>\n<tr class=\"woocommerce-product-attributes-item woocommerce-product-attributes-item--attribute_garantie\">\n<th class=\"woocommerce-product-attributes-item__label\">Garantie<\/th>\n<td class=\"woocommerce-product-attributes-item__value\">12 mois<\/td>\n<\/tr>\n<\/tbody>\n<\/table>\n","protected":false},"featured_media":9303,"template":"","meta":[],"product_brand":[],"product_cat":[97],"product_tag":[],"class_list":{"0":"post-9302","1":"product","2":"type-product","3":"status-publish","4":"has-post-thumbnail","6":"product_cat-disponible","8":"first","9":"instock","10":"shipping-taxable","11":"purchasable","12":"product-type-simple"},"_links":{"self":[{"href":"https:\/\/mandret-auto.com\/index.php\/wp-json\/wp\/v2\/product\/9302","targetHints":{"allow":["GET"]}}],"collection":[{"href":"https:\/\/mandret-auto.com\/index.php\/wp-json\/wp\/v2\/product"}],"about":[{"href":"https:\/\/mandret-auto.com\/index.php\/wp-json\/wp\/v2\/types\/product"}],"version-history":[{"count":1,"href":"https:\/\/mandret-auto.com\/index.php\/wp-json\/wp\/v2\/product\/9302\/revisions"}],"predecessor-version":[{"id":9310,"href":"https:\/\/mandret-auto.com\/index.php\/wp-json\/wp\/v2\/product\/9302\/revisions\/9310"}],"wp:featuredmedia":[{"embeddable":true,"href":"https:\/\/mandret-auto.com\/index.php\/wp-json\/wp\/v2\/media\/9303"}],"wp:attachment":[{"href":"https:\/\/mandret-auto.com\/index.php\/wp-json\/wp\/v2\/media?parent=9302"}],"wp:term":[{"taxonomy":"product_brand","embeddable":true,"href":"https:\/\/mandret-auto.com\/index.php\/wp-json\/wp\/v2\/product_brand?post=9302"},{"taxonomy":"product_cat","embeddable":true,"href":"https:\/\/mandret-auto.com\/index.php\/wp-json\/wp\/v2\/product_cat?post=9302"},{"taxonomy":"product_tag","embeddable":true,"href":"https:\/\/mandret-auto.com\/index.php\/wp-json\/wp\/v2\/product_tag?post=9302"}],"curies":[{"name":"wp","href":"https:\/\/api.w.org\/{rel}","templated":true}]}}